{"id":123,"date":"2025-07-23T11:56:15","date_gmt":"2025-07-23T11:56:15","guid":{"rendered":"https:\/\/provenceterroir.com\/?post_type=product&#038;p=123"},"modified":"2025-07-23T12:14:09","modified_gmt":"2025-07-23T12:14:09","slug":"tapenade-verte-bio","status":"publish","type":"product","link":"https:\/\/provenceterroir.com\/index.php\/produit\/tapenade-verte-bio\/","title":{"rendered":"Tapenade verte bio"},"content":{"rendered":"<div>\n<p>Cette d\u00e9licieuse <strong>tapenade verte bio<\/strong> est le r\u00e9sultat d&rsquo;une recette profond\u00e9ment Proven\u00e7ale. Elle est constitu\u00e9e d\u2019olives de Nyons et de c\u00e2pres.<\/p>\n<p>L\u2019union de ces ingr\u00e9dients cr\u00e9\u00e9e un go\u00fbt doux et riche \u00e0 la fois.<\/p>\n<p>Aix&amp;Terra est une entreprise artisanale fond\u00e9e par Marina et Richard Alibert. Le couple esp\u00e8re donner une nouvelle impulsion \u00e0 l\u2019\u00e9picerie en la d\u00e9veloppant autour d\u2019un plaisir : c\u00e9l\u00e9brer et r\u00e9inventer les recettes issues des meilleurs savoir-faire culinaires de Provence.<\/p>\n<\/div>\n","protected":false},"excerpt":{"rendered":"<p><strong>Tapenade verte bio<\/strong> de la marque Aix&amp;Terra produite artisanalement par un couple de passionn\u00e9s bas\u00e9 \u00e0 Miramas dans les Bouches du Rh\u00f4ne.<\/p>\n","protected":false},"featured_media":124,"comment_status":"open","ping_status":"closed","template":"","meta":{"inline_featured_image":false},"product_brand":[],"product_cat":[27,18],"product_tag":[],"class_list":{"0":"post-123","1":"product","2":"type-product","3":"status-publish","4":"has-post-thumbnail","6":"product_cat-aperitifs","7":"product_cat-epicerie-salee","9":"first","10":"instock","11":"shipping-taxable","12":"purchasable","13":"product-type-simple"},"_links":{"self":[{"href":"https:\/\/provenceterroir.com\/index.php\/wp-json\/wp\/v2\/product\/123","targetHints":{"allow":["GET"]}}],"collection":[{"href":"https:\/\/provenceterroir.com\/index.php\/wp-json\/wp\/v2\/product"}],"about":[{"href":"https:\/\/provenceterroir.com\/index.php\/wp-json\/wp\/v2\/types\/product"}],"replies":[{"embeddable":true,"href":"https:\/\/provenceterroir.com\/index.php\/wp-json\/wp\/v2\/comments?post=123"}],"version-history":[{"count":0,"href":"https:\/\/provenceterroir.com\/index.php\/wp-json\/wp\/v2\/product\/123\/revisions"}],"wp:featuredmedia":[{"embeddable":true,"href":"https:\/\/provenceterroir.com\/index.php\/wp-json\/wp\/v2\/media\/124"}],"wp:attachment":[{"href":"https:\/\/provenceterroir.com\/index.php\/wp-json\/wp\/v2\/media?parent=123"}],"wp:term":[{"taxonomy":"product_brand","embeddable":true,"href":"https:\/\/provenceterroir.com\/index.php\/wp-json\/wp\/v2\/product_brand?post=123"},{"taxonomy":"product_cat","embeddable":true,"href":"https:\/\/provenceterroir.com\/index.php\/wp-json\/wp\/v2\/product_cat?post=123"},{"taxonomy":"product_tag","embeddable":true,"href":"https:\/\/provenceterroir.com\/index.php\/wp-json\/wp\/v2\/product_tag?post=123"}],"curies":[{"name":"wp","href":"https:\/\/api.w.org\/{rel}","templated":true}]}}