{"id":125,"date":"2025-07-23T12:22:19","date_gmt":"2025-07-23T12:22:19","guid":{"rendered":"https:\/\/provenceterroir.com\/?post_type=product&#038;p=125"},"modified":"2025-07-23T12:33:26","modified_gmt":"2025-07-23T12:33:26","slug":"tapenade-noire-bio","status":"publish","type":"product","link":"https:\/\/provenceterroir.com\/index.php\/produit\/tapenade-noire-bio\/","title":{"rendered":"Tapenade noire bio"},"content":{"rendered":"<div>Une s\u00e9lection soigneuse d&rsquo;olives chez des producteurs locaux et notamment l\u2019olive tanche des Baronnies (Nyons), en grande Provence. Parfaite rencontre entre l\u2019olive noire (gorg\u00e9e du soleil Proven\u00e7al, d\u00e9noyaut\u00e9e et finement hach\u00e9e), des c\u00e2pres et des herbes de Provence, la tapenade est un incontournable de l&rsquo;ap\u00e9ritif proven\u00e7al .<\/div>\n<div><\/div>\n<div>L\u2019union de ces ingr\u00e9dients permet d\u2019avoir un go\u00fbt doux et riche \u00e0 la fois.<br \/>\nAix&amp;Terra est une entreprise artisanale fond\u00e9e par Marina et Richard Alibert. Le couple esp\u00e8re donner une nouvelle impulsion \u00e0 l\u2019\u00e9picerie en la d\u00e9veloppant autour d\u2019un plaisir : c\u00e9l\u00e9brer et r\u00e9inventer les recettes issues des meilleurs savoir-faire culinaires de Provence.<\/div>\n","protected":false},"excerpt":{"rendered":"<p><strong>Tapenade noire bio<\/strong> de la marque Aix&amp;Terra produite artisanalement par un couple de passionn\u00e9s bas\u00e9 \u00e0 Miramas dans les Bouches du Rh\u00f4ne.<\/p>\n","protected":false},"featured_media":126,"comment_status":"open","ping_status":"closed","template":"","meta":{"inline_featured_image":false},"product_brand":[],"product_cat":[27,18],"product_tag":[],"class_list":{"0":"post-125","1":"product","2":"type-product","3":"status-publish","4":"has-post-thumbnail","6":"product_cat-aperitifs","7":"product_cat-epicerie-salee","9":"first","10":"instock","11":"shipping-taxable","12":"purchasable","13":"product-type-simple"},"_links":{"self":[{"href":"https:\/\/provenceterroir.com\/index.php\/wp-json\/wp\/v2\/product\/125","targetHints":{"allow":["GET"]}}],"collection":[{"href":"https:\/\/provenceterroir.com\/index.php\/wp-json\/wp\/v2\/product"}],"about":[{"href":"https:\/\/provenceterroir.com\/index.php\/wp-json\/wp\/v2\/types\/product"}],"replies":[{"embeddable":true,"href":"https:\/\/provenceterroir.com\/index.php\/wp-json\/wp\/v2\/comments?post=125"}],"version-history":[{"count":0,"href":"https:\/\/provenceterroir.com\/index.php\/wp-json\/wp\/v2\/product\/125\/revisions"}],"wp:featuredmedia":[{"embeddable":true,"href":"https:\/\/provenceterroir.com\/index.php\/wp-json\/wp\/v2\/media\/126"}],"wp:attachment":[{"href":"https:\/\/provenceterroir.com\/index.php\/wp-json\/wp\/v2\/media?parent=125"}],"wp:term":[{"taxonomy":"product_brand","embeddable":true,"href":"https:\/\/provenceterroir.com\/index.php\/wp-json\/wp\/v2\/product_brand?post=125"},{"taxonomy":"product_cat","embeddable":true,"href":"https:\/\/provenceterroir.com\/index.php\/wp-json\/wp\/v2\/product_cat?post=125"},{"taxonomy":"product_tag","embeddable":true,"href":"https:\/\/provenceterroir.com\/index.php\/wp-json\/wp\/v2\/product_tag?post=125"}],"curies":[{"name":"wp","href":"https:\/\/api.w.org\/{rel}","templated":true}]}}